{"id":455,"date":"2019-02-14T20:29:15","date_gmt":"2019-02-14T20:29:15","guid":{"rendered":"http:\/\/felder-transporte.de\/?page_id=455"},"modified":"2020-11-12T14:29:55","modified_gmt":"2020-11-12T13:29:55","slug":"ueber-uns","status":"publish","type":"page","link":"https:\/\/felder-transporte.de\/?page_id=455","title":{"rendered":"\u00dcber uns"},"content":{"rendered":"\t\t<div data-elementor-type=\"wp-post\" data-elementor-id=\"455\" class=\"elementor elementor-455\">\n\t\t\t\t\t\t<div class=\"elementor-inner\">\n\t\t\t\t<div class=\"elementor-section-wrap\">\n\t\t\t\t\t\t\t\t\t<section class=\"elementor-section elementor-top-section elementor-element elementor-element-b1d0189 elementor-section-boxed elementor-section-height-default elementor-section-height-default\" data-id=\"b1d0189\" data-element_type=\"section\">\n\t\t\t\t\t\t<div class=\"elementor-container elementor-column-gap-default\">\n\t\t\t\t\t\t\t<div class=\"elementor-row\">\n\t\t\t\t\t<div class=\"elementor-column elementor-col-100 elementor-top-column elementor-element elementor-element-e3b8c8c\" data-id=\"e3b8c8c\" data-element_type=\"column\">\n\t\t\t<div class=\"elementor-column-wrap elementor-element-populated\">\n\t\t\t\t\t\t\t<div class=\"elementor-widget-wrap\">\n\t\t\t\t\t\t<div class=\"elementor-element elementor-element-ce12c23 elementor-widget elementor-widget-heading\" data-id=\"ce12c23\" data-element_type=\"widget\" data-widget_type=\"heading.default\">\n\t\t\t\t<div class=\"elementor-widget-container\">\n\t\t\t<h2 class=\"elementor-heading-title elementor-size-default\">Wir sind ein seit 1995 auf dem Markt bestehendes mittelst\u00e4ndisches Transportunternehmen<\/h2>\t\t<\/div>\n\t\t\t\t<\/div>\n\t\t\t\t<div class=\"elementor-element elementor-element-f5d031b elementor-widget-divider--view-line elementor-widget elementor-widget-divider\" data-id=\"f5d031b\" data-element_type=\"widget\" data-widget_type=\"divider.default\">\n\t\t\t\t<div class=\"elementor-widget-container\">\n\t\t\t\t\t<div class=\"elementor-divider\">\n\t\t\t<span class=\"elementor-divider-separator\">\n\t\t\t\t\t\t<\/span>\n\t\t<\/div>\n\t\t\t\t<\/div>\n\t\t\t\t<\/div>\n\t\t\t\t\t\t<\/div>\n\t\t\t\t\t<\/div>\n\t\t<\/div>\n\t\t\t\t\t\t\t\t<\/div>\n\t\t\t\t\t<\/div>\n\t\t<\/section>\n\t\t\t\t<section class=\"elementor-section elementor-top-section elementor-element elementor-element-28f5702 elementor-section-boxed elementor-section-height-default elementor-section-height-default\" data-id=\"28f5702\" data-element_type=\"section\">\n\t\t\t\t\t\t<div class=\"elementor-container elementor-column-gap-default\">\n\t\t\t\t\t\t\t<div class=\"elementor-row\">\n\t\t\t\t\t<div class=\"elementor-column elementor-col-100 elementor-top-column elementor-element elementor-element-04aa94b\" data-id=\"04aa94b\" data-element_type=\"column\">\n\t\t\t<div class=\"elementor-column-wrap elementor-element-populated\">\n\t\t\t\t\t\t\t<div class=\"elementor-widget-wrap\">\n\t\t\t\t\t\t<section class=\"elementor-section elementor-inner-section elementor-element elementor-element-7d625e1 elementor-section-boxed elementor-section-height-default elementor-section-height-default\" data-id=\"7d625e1\" data-element_type=\"section\">\n\t\t\t\t\t\t<div class=\"elementor-container elementor-column-gap-default\">\n\t\t\t\t\t\t\t<div class=\"elementor-row\">\n\t\t\t\t\t<div class=\"elementor-column elementor-col-33 elementor-inner-column elementor-element elementor-element-b413519\" data-id=\"b413519\" data-element_type=\"column\">\n\t\t\t<div class=\"elementor-column-wrap elementor-element-populated\">\n\t\t\t\t\t\t\t<div class=\"elementor-widget-wrap\">\n\t\t\t\t\t\t<div class=\"elementor-element elementor-element-dbae202 elementor-view-stacked elementor-shape-circle elementor-mobile-position-top elementor-vertical-align-top elementor-widget elementor-widget-icon-box\" data-id=\"dbae202\" data-element_type=\"widget\" data-widget_type=\"icon-box.default\">\n\t\t\t\t<div class=\"elementor-widget-container\">\n\t\t\t\t\t<div class=\"elementor-icon-box-wrapper\">\n\t\t\t\t\t\t<div class=\"elementor-icon-box-icon\">\n\t\t\t\t<a class=\"elementor-icon elementor-animation-grow\" href=\"\/?page_id=459\">\n\t\t\t\t<i class=\"fa fa-check\" aria-hidden=\"true\"><\/i>\t\t\t\t<\/a>\n\t\t\t<\/div>\n\t\t\t\t\t\t<div class=\"elementor-icon-box-content\">\n\t\t\t\t<h3 class=\"elementor-icon-box-title\">\n\t\t\t\t\t<a href=\"\/?page_id=459\" >\n\t\t\t\t\t\t\t\t\t\t\t<\/a>\n\t\t\t\t<\/h3>\n\t\t\t\t\t\t\t\t\t<p class=\"elementor-icon-box-description\">\n\t\t\t\t\t\tQualit\u00e4t und Zuverl\u00e4ssigkeit stehen bei uns im Mittelpunkt.\t\t\t\t\t<\/p>\n\t\t\t\t\t\t\t<\/div>\n\t\t<\/div>\n\t\t\t\t<\/div>\n\t\t\t\t<\/div>\n\t\t\t\t\t\t<\/div>\n\t\t\t\t\t<\/div>\n\t\t<\/div>\n\t\t\t\t<div class=\"elementor-column elementor-col-33 elementor-inner-column elementor-element elementor-element-f1ebbb3\" data-id=\"f1ebbb3\" data-element_type=\"column\">\n\t\t\t<div class=\"elementor-column-wrap elementor-element-populated\">\n\t\t\t\t\t\t\t<div class=\"elementor-widget-wrap\">\n\t\t\t\t\t\t<div class=\"elementor-element elementor-element-4021ced elementor-view-stacked elementor-shape-circle elementor-mobile-position-top elementor-vertical-align-top elementor-widget elementor-widget-icon-box\" data-id=\"4021ced\" data-element_type=\"widget\" data-widget_type=\"icon-box.default\">\n\t\t\t\t<div class=\"elementor-widget-container\">\n\t\t\t\t\t<div class=\"elementor-icon-box-wrapper\">\n\t\t\t\t\t\t<div class=\"elementor-icon-box-icon\">\n\t\t\t\t<a class=\"elementor-icon elementor-animation-grow\" href=\"\/?page_id=459\">\n\t\t\t\t<i class=\"fa fa-check\" aria-hidden=\"true\"><\/i>\t\t\t\t<\/a>\n\t\t\t<\/div>\n\t\t\t\t\t\t<div class=\"elementor-icon-box-content\">\n\t\t\t\t<h3 class=\"elementor-icon-box-title\">\n\t\t\t\t\t<a href=\"\/?page_id=459\" >\n\t\t\t\t\t\t\t\t\t\t\t<\/a>\n\t\t\t\t<\/h3>\n\t\t\t\t\t\t\t\t\t<p class=\"elementor-icon-box-description\">\n\t\t\t\t\t\tWir bieten Ihnen Flexibilit\u00e4t, Zuverl\u00e4ssigkeit und Schnelligkeit.\t\t\t\t\t<\/p>\n\t\t\t\t\t\t\t<\/div>\n\t\t<\/div>\n\t\t\t\t<\/div>\n\t\t\t\t<\/div>\n\t\t\t\t\t\t<\/div>\n\t\t\t\t\t<\/div>\n\t\t<\/div>\n\t\t\t\t<div class=\"elementor-column elementor-col-33 elementor-inner-column elementor-element elementor-element-a18eee2\" data-id=\"a18eee2\" data-element_type=\"column\">\n\t\t\t<div class=\"elementor-column-wrap elementor-element-populated\">\n\t\t\t\t\t\t\t<div class=\"elementor-widget-wrap\">\n\t\t\t\t\t\t<div class=\"elementor-element elementor-element-807f8cc elementor-view-stacked elementor-shape-circle elementor-mobile-position-top elementor-vertical-align-top elementor-widget elementor-widget-icon-box\" data-id=\"807f8cc\" data-element_type=\"widget\" data-widget_type=\"icon-box.default\">\n\t\t\t\t<div class=\"elementor-widget-container\">\n\t\t\t\t\t<div class=\"elementor-icon-box-wrapper\">\n\t\t\t\t\t\t<div class=\"elementor-icon-box-icon\">\n\t\t\t\t<a class=\"elementor-icon elementor-animation-grow\" href=\"\/?page_id=459\">\n\t\t\t\t<i class=\"fa fa-check\" aria-hidden=\"true\"><\/i>\t\t\t\t<\/a>\n\t\t\t<\/div>\n\t\t\t\t\t\t<div class=\"elementor-icon-box-content\">\n\t\t\t\t<h3 class=\"elementor-icon-box-title\">\n\t\t\t\t\t<a href=\"\/?page_id=459\" >\n\t\t\t\t\t\t\t\t\t\t\t<\/a>\n\t\t\t\t<\/h3>\n\t\t\t\t\t\t\t\t\t<p class=\"elementor-icon-box-description\">\n\t\t\t\t\t\tAuf Wunsch sind unsere Fahrzeuge f\u00fcr Sie rund um die Uhr unterwegs.  \t\t\t\t\t<\/p>\n\t\t\t\t\t\t\t<\/div>\n\t\t<\/div>\n\t\t\t\t<\/div>\n\t\t\t\t<\/div>\n\t\t\t\t\t\t<\/div>\n\t\t\t\t\t<\/div>\n\t\t<\/div>\n\t\t\t\t\t\t\t\t<\/div>\n\t\t\t\t\t<\/div>\n\t\t<\/section>\n\t\t\t\t<div class=\"elementor-element elementor-element-94ff292 elementor-widget-divider--view-line elementor-widget elementor-widget-divider\" data-id=\"94ff292\" data-element_type=\"widget\" data-widget_type=\"divider.default\">\n\t\t\t\t<div class=\"elementor-widget-container\">\n\t\t\t\t\t<div class=\"elementor-divider\">\n\t\t\t<span class=\"elementor-divider-separator\">\n\t\t\t\t\t\t<\/span>\n\t\t<\/div>\n\t\t\t\t<\/div>\n\t\t\t\t<\/div>\n\t\t\t\t\t\t<\/div>\n\t\t\t\t\t<\/div>\n\t\t<\/div>\n\t\t\t\t\t\t\t\t<\/div>\n\t\t\t\t\t<\/div>\n\t\t<\/section>\n\t\t\t\t<section class=\"elementor-section elementor-top-section elementor-element elementor-element-d886d86 elementor-section-boxed elementor-section-height-default elementor-section-height-default\" data-id=\"d886d86\" data-element_type=\"section\">\n\t\t\t\t\t\t<div class=\"elementor-container elementor-column-gap-default\">\n\t\t\t\t\t\t\t<div class=\"elementor-row\">\n\t\t\t\t\t<div class=\"elementor-column elementor-col-100 elementor-top-column elementor-element elementor-element-2d04d7a\" data-id=\"2d04d7a\" data-element_type=\"column\">\n\t\t\t<div class=\"elementor-column-wrap elementor-element-populated\">\n\t\t\t\t\t\t\t<div class=\"elementor-widget-wrap\">\n\t\t\t\t\t\t<div class=\"elementor-element elementor-element-e5bd442 elementor-widget elementor-widget-heading\" data-id=\"e5bd442\" data-element_type=\"widget\" data-widget_type=\"heading.default\">\n\t\t\t\t<div class=\"elementor-widget-container\">\n\t\t\t<h2 class=\"elementor-heading-title elementor-size-default\">Unsere Flotte besteht aus einem jungen und zuverl\u00e4ssigen Fuhrpark<\/h2>\t\t<\/div>\n\t\t\t\t<\/div>\n\t\t\t\t\t\t<\/div>\n\t\t\t\t\t<\/div>\n\t\t<\/div>\n\t\t\t\t\t\t\t\t<\/div>\n\t\t\t\t\t<\/div>\n\t\t<\/section>\n\t\t\t\t<section class=\"elementor-section elementor-top-section elementor-element elementor-element-26d7b7b elementor-section-boxed elementor-section-height-default elementor-section-height-default\" data-id=\"26d7b7b\" data-element_type=\"section\">\n\t\t\t\t\t\t<div class=\"elementor-container elementor-column-gap-default\">\n\t\t\t\t\t\t\t<div class=\"elementor-row\">\n\t\t\t\t\t<div class=\"elementor-column elementor-col-100 elementor-top-column elementor-element elementor-element-b7b3a65\" data-id=\"b7b3a65\" data-element_type=\"column\">\n\t\t\t<div class=\"elementor-column-wrap elementor-element-populated\">\n\t\t\t\t\t\t\t<div class=\"elementor-widget-wrap\">\n\t\t\t\t\t\t<div class=\"elementor-element elementor-element-ed0ba6f gallery-spacing-custom elementor-widget elementor-widget-image-gallery\" data-id=\"ed0ba6f\" data-element_type=\"widget\" data-widget_type=\"image-gallery.default\">\n\t\t\t\t<div class=\"elementor-widget-container\">\n\t\t\t\t\t<div class=\"elementor-image-gallery\">\n\t\t\t<div id='gallery-1' class='gallery galleryid-455 gallery-columns-3 gallery-size-thumbnail'><figure class='gallery-item'>\n\t\t\t<div class='gallery-icon landscape'>\n\t\t\t\t<a data-elementor-open-lightbox=\"yes\" data-elementor-lightbox-slideshow=\"ed0ba6f\" data-elementor-lightbox-title=\"1B7B1DFC-558E-4C96-AB6D-C9A8B80CBACB\" data-e-action-hash=\"#elementor-action%3Aaction%3Dlightbox%26settings%3DeyJpZCI6NTU0LCJ1cmwiOiJodHRwczpcL1wvZmVsZGVyLXRyYW5zcG9ydGUuZGVcL3dwLWNvbnRlbnRcL3VwbG9hZHNcLzIwMjBcLzExXC8xQjdCMURGQy01NThFLTRDOTYtQUI2RC1DOUE4QjgwQ0JBQ0ItZTE2MDUxODU0MjY5MjkuanBlZyIsInNsaWRlc2hvdyI6ImVkMGJhNmYifQ%3D%3D\" href='https:\/\/felder-transporte.de\/wp-content\/uploads\/2020\/11\/1B7B1DFC-558E-4C96-AB6D-C9A8B80CBACB-e1605185426929.jpeg'><img width=\"150\" height=\"150\" src=\"https:\/\/felder-transporte.de\/wp-content\/uploads\/2020\/11\/1B7B1DFC-558E-4C96-AB6D-C9A8B80CBACB-e1605185426929-150x150.jpeg\" class=\"attachment-thumbnail size-thumbnail\" alt=\"\" decoding=\"async\" loading=\"lazy\" srcset=\"https:\/\/felder-transporte.de\/wp-content\/uploads\/2020\/11\/1B7B1DFC-558E-4C96-AB6D-C9A8B80CBACB-e1605185426929-150x150.jpeg 150w, https:\/\/felder-transporte.de\/wp-content\/uploads\/2020\/11\/1B7B1DFC-558E-4C96-AB6D-C9A8B80CBACB-e1605185426929-360x360.jpeg 360w\" sizes=\"(max-width: 150px) 100vw, 150px\" \/><\/a>\n\t\t\t<\/div><\/figure><figure class='gallery-item'>\n\t\t\t<div class='gallery-icon landscape'>\n\t\t\t\t<a data-elementor-open-lightbox=\"yes\" data-elementor-lightbox-slideshow=\"ed0ba6f\" data-elementor-lightbox-title=\"B0869EAB-5009-4E45-BE81-44DFDE1E2BC7\" data-e-action-hash=\"#elementor-action%3Aaction%3Dlightbox%26settings%3DeyJpZCI6NTYzLCJ1cmwiOiJodHRwczpcL1wvZmVsZGVyLXRyYW5zcG9ydGUuZGVcL3dwLWNvbnRlbnRcL3VwbG9hZHNcLzIwMjBcLzExXC9CMDg2OUVBQi01MDA5LTRFNDUtQkU4MS00NERGREUxRTJCQzctZTE2MDUxODY2NjE4NjIuanBlZyIsInNsaWRlc2hvdyI6ImVkMGJhNmYifQ%3D%3D\" href='https:\/\/felder-transporte.de\/wp-content\/uploads\/2020\/11\/B0869EAB-5009-4E45-BE81-44DFDE1E2BC7-e1605186661862.jpeg'><img width=\"150\" height=\"150\" src=\"https:\/\/felder-transporte.de\/wp-content\/uploads\/2020\/11\/B0869EAB-5009-4E45-BE81-44DFDE1E2BC7-e1605186661862-150x150.jpeg\" class=\"attachment-thumbnail size-thumbnail\" alt=\"\" decoding=\"async\" loading=\"lazy\" srcset=\"https:\/\/felder-transporte.de\/wp-content\/uploads\/2020\/11\/B0869EAB-5009-4E45-BE81-44DFDE1E2BC7-e1605186661862-150x150.jpeg 150w, https:\/\/felder-transporte.de\/wp-content\/uploads\/2020\/11\/B0869EAB-5009-4E45-BE81-44DFDE1E2BC7-e1605186661862-360x360.jpeg 360w\" sizes=\"(max-width: 150px) 100vw, 150px\" \/><\/a>\n\t\t\t<\/div><\/figure><figure class='gallery-item'>\n\t\t\t<div class='gallery-icon landscape'>\n\t\t\t\t<a data-elementor-open-lightbox=\"yes\" data-elementor-lightbox-slideshow=\"ed0ba6f\" data-elementor-lightbox-title=\"831A3A24-D03A-4EA6-B01E-45DC94CC3058\" data-e-action-hash=\"#elementor-action%3Aaction%3Dlightbox%26settings%3DeyJpZCI6NTU3LCJ1cmwiOiJodHRwczpcL1wvZmVsZGVyLXRyYW5zcG9ydGUuZGVcL3dwLWNvbnRlbnRcL3VwbG9hZHNcLzIwMjBcLzExXC84MzFBM0EyNC1EMDNBLTRFQTYtQjAxRS00NURDOTRDQzMwNTgtZTE2MDUxODU1MTIzNzUuanBlZyIsInNsaWRlc2hvdyI6ImVkMGJhNmYifQ%3D%3D\" href='https:\/\/felder-transporte.de\/wp-content\/uploads\/2020\/11\/831A3A24-D03A-4EA6-B01E-45DC94CC3058-e1605185512375.jpeg'><img width=\"150\" height=\"150\" src=\"https:\/\/felder-transporte.de\/wp-content\/uploads\/2020\/11\/831A3A24-D03A-4EA6-B01E-45DC94CC3058-e1605185512375-150x150.jpeg\" class=\"attachment-thumbnail size-thumbnail\" alt=\"\" decoding=\"async\" loading=\"lazy\" srcset=\"https:\/\/felder-transporte.de\/wp-content\/uploads\/2020\/11\/831A3A24-D03A-4EA6-B01E-45DC94CC3058-e1605185512375-150x150.jpeg 150w, https:\/\/felder-transporte.de\/wp-content\/uploads\/2020\/11\/831A3A24-D03A-4EA6-B01E-45DC94CC3058-e1605185512375-360x360.jpeg 360w\" sizes=\"(max-width: 150px) 100vw, 150px\" \/><\/a>\n\t\t\t<\/div><\/figure><figure class='gallery-item'>\n\t\t\t<div class='gallery-icon landscape'>\n\t\t\t\t<a data-elementor-open-lightbox=\"yes\" data-elementor-lightbox-slideshow=\"ed0ba6f\" data-elementor-lightbox-title=\"3CA976A2-87AB-43C3-9B5B-295E70A2213E\" data-e-action-hash=\"#elementor-action%3Aaction%3Dlightbox%26settings%3DeyJpZCI6NTY5LCJ1cmwiOiJodHRwczpcL1wvZmVsZGVyLXRyYW5zcG9ydGUuZGVcL3dwLWNvbnRlbnRcL3VwbG9hZHNcLzIwMjBcLzExXC8zQ0E5NzZBMi04N0FCLTQzQzMtOUI1Qi0yOTVFNzBBMjIxM0UtZTE2MDUxODc2MjQzMjYuanBlZyIsInNsaWRlc2hvdyI6ImVkMGJhNmYifQ%3D%3D\" href='https:\/\/felder-transporte.de\/wp-content\/uploads\/2020\/11\/3CA976A2-87AB-43C3-9B5B-295E70A2213E-e1605187624326.jpeg'><img width=\"150\" height=\"150\" src=\"https:\/\/felder-transporte.de\/wp-content\/uploads\/2020\/11\/3CA976A2-87AB-43C3-9B5B-295E70A2213E-e1605187624326-150x150.jpeg\" class=\"attachment-thumbnail size-thumbnail\" alt=\"\" decoding=\"async\" loading=\"lazy\" srcset=\"https:\/\/felder-transporte.de\/wp-content\/uploads\/2020\/11\/3CA976A2-87AB-43C3-9B5B-295E70A2213E-e1605187624326-150x150.jpeg 150w, https:\/\/felder-transporte.de\/wp-content\/uploads\/2020\/11\/3CA976A2-87AB-43C3-9B5B-295E70A2213E-e1605187624326-360x360.jpeg 360w\" sizes=\"(max-width: 150px) 100vw, 150px\" \/><\/a>\n\t\t\t<\/div><\/figure><figure class='gallery-item'>\n\t\t\t<div class='gallery-icon landscape'>\n\t\t\t\t<a data-elementor-open-lightbox=\"yes\" data-elementor-lightbox-slideshow=\"ed0ba6f\" data-elementor-lightbox-title=\"67CF756C-CE20-4595-BDCE-6E1CCEB1BAF6\" data-e-action-hash=\"#elementor-action%3Aaction%3Dlightbox%26settings%3DeyJpZCI6NTY3LCJ1cmwiOiJodHRwczpcL1wvZmVsZGVyLXRyYW5zcG9ydGUuZGVcL3dwLWNvbnRlbnRcL3VwbG9hZHNcLzIwMjBcLzExXC82N0NGNzU2Qy1DRTIwLTQ1OTUtQkRDRS02RTFDQ0VCMUJBRjYtZTE2MDUxODc0MTczNDYuanBlZyIsInNsaWRlc2hvdyI6ImVkMGJhNmYifQ%3D%3D\" href='https:\/\/felder-transporte.de\/wp-content\/uploads\/2020\/11\/67CF756C-CE20-4595-BDCE-6E1CCEB1BAF6-e1605187417346.jpeg'><img width=\"150\" height=\"150\" src=\"https:\/\/felder-transporte.de\/wp-content\/uploads\/2020\/11\/67CF756C-CE20-4595-BDCE-6E1CCEB1BAF6-e1605187417346-150x150.jpeg\" class=\"attachment-thumbnail size-thumbnail\" alt=\"\" decoding=\"async\" loading=\"lazy\" srcset=\"https:\/\/felder-transporte.de\/wp-content\/uploads\/2020\/11\/67CF756C-CE20-4595-BDCE-6E1CCEB1BAF6-e1605187417346-150x150.jpeg 150w, https:\/\/felder-transporte.de\/wp-content\/uploads\/2020\/11\/67CF756C-CE20-4595-BDCE-6E1CCEB1BAF6-e1605187417346-360x360.jpeg 360w\" sizes=\"(max-width: 150px) 100vw, 150px\" \/><\/a>\n\t\t\t<\/div><\/figure><figure class='gallery-item'>\n\t\t\t<div class='gallery-icon landscape'>\n\t\t\t\t<a data-elementor-open-lightbox=\"yes\" data-elementor-lightbox-slideshow=\"ed0ba6f\" data-elementor-lightbox-title=\"0FFB7466-B33A-4B56-BDE7-51DEC3393491\" data-e-action-hash=\"#elementor-action%3Aaction%3Dlightbox%26settings%3DeyJpZCI6NTY4LCJ1cmwiOiJodHRwczpcL1wvZmVsZGVyLXRyYW5zcG9ydGUuZGVcL3dwLWNvbnRlbnRcL3VwbG9hZHNcLzIwMjBcLzExXC8wRkZCNzQ2Ni1CMzNBLTRCNTYtQkRFNy01MURFQzMzOTM0OTEtZTE2MDUxODc1MDAyMDQuanBlZyIsInNsaWRlc2hvdyI6ImVkMGJhNmYifQ%3D%3D\" href='https:\/\/felder-transporte.de\/wp-content\/uploads\/2020\/11\/0FFB7466-B33A-4B56-BDE7-51DEC3393491-e1605187500204.jpeg'><img width=\"150\" height=\"150\" src=\"https:\/\/felder-transporte.de\/wp-content\/uploads\/2020\/11\/0FFB7466-B33A-4B56-BDE7-51DEC3393491-e1605187500204-150x150.jpeg\" class=\"attachment-thumbnail size-thumbnail\" alt=\"\" decoding=\"async\" loading=\"lazy\" srcset=\"https:\/\/felder-transporte.de\/wp-content\/uploads\/2020\/11\/0FFB7466-B33A-4B56-BDE7-51DEC3393491-e1605187500204-150x150.jpeg 150w, https:\/\/felder-transporte.de\/wp-content\/uploads\/2020\/11\/0FFB7466-B33A-4B56-BDE7-51DEC3393491-e1605187500204-360x360.jpeg 360w\" sizes=\"(max-width: 150px) 100vw, 150px\" \/><\/a>\n\t\t\t<\/div><\/figure><figure class='gallery-item'>\n\t\t\t<div class='gallery-icon landscape'>\n\t\t\t\t<a data-elementor-open-lightbox=\"yes\" data-elementor-lightbox-slideshow=\"ed0ba6f\" data-elementor-lightbox-title=\"A0DBA550-D196-441B-9FB4-FF51CCE99603\" data-e-action-hash=\"#elementor-action%3Aaction%3Dlightbox%26settings%3DeyJpZCI6NTU5LCJ1cmwiOiJodHRwczpcL1wvZmVsZGVyLXRyYW5zcG9ydGUuZGVcL3dwLWNvbnRlbnRcL3VwbG9hZHNcLzIwMjBcLzExXC9BMERCQTU1MC1EMTk2LTQ0MUItOUZCNC1GRjUxQ0NFOTk2MDMtZTE2MDUxODU5OTQ2MjcuanBlZyIsInNsaWRlc2hvdyI6ImVkMGJhNmYifQ%3D%3D\" href='https:\/\/felder-transporte.de\/wp-content\/uploads\/2020\/11\/A0DBA550-D196-441B-9FB4-FF51CCE99603-e1605185994627.jpeg'><img width=\"150\" height=\"150\" src=\"https:\/\/felder-transporte.de\/wp-content\/uploads\/2020\/11\/A0DBA550-D196-441B-9FB4-FF51CCE99603-e1605185994627-150x150.jpeg\" class=\"attachment-thumbnail size-thumbnail\" alt=\"\" decoding=\"async\" loading=\"lazy\" srcset=\"https:\/\/felder-transporte.de\/wp-content\/uploads\/2020\/11\/A0DBA550-D196-441B-9FB4-FF51CCE99603-e1605185994627-150x150.jpeg 150w, https:\/\/felder-transporte.de\/wp-content\/uploads\/2020\/11\/A0DBA550-D196-441B-9FB4-FF51CCE99603-e1605185994627-360x360.jpeg 360w\" sizes=\"(max-width: 150px) 100vw, 150px\" \/><\/a>\n\t\t\t<\/div><\/figure><figure class='gallery-item'>\n\t\t\t<div class='gallery-icon landscape'>\n\t\t\t\t<a data-elementor-open-lightbox=\"yes\" data-elementor-lightbox-slideshow=\"ed0ba6f\" data-elementor-lightbox-title=\"6059B1DC-0CD3-46C5-9973-12258209C22C\" data-e-action-hash=\"#elementor-action%3Aaction%3Dlightbox%26settings%3DeyJpZCI6NTUyLCJ1cmwiOiJodHRwczpcL1wvZmVsZGVyLXRyYW5zcG9ydGUuZGVcL3dwLWNvbnRlbnRcL3VwbG9hZHNcLzIwMjBcLzExXC82MDU5QjFEQy0wQ0QzLTQ2QzUtOTk3My0xMjI1ODIwOUMyMkMtZTE2MDUxODUzNjYzMDMuanBlZyIsInNsaWRlc2hvdyI6ImVkMGJhNmYifQ%3D%3D\" href='https:\/\/felder-transporte.de\/wp-content\/uploads\/2020\/11\/6059B1DC-0CD3-46C5-9973-12258209C22C-e1605185366303.jpeg'><img width=\"150\" height=\"150\" src=\"https:\/\/felder-transporte.de\/wp-content\/uploads\/2020\/11\/6059B1DC-0CD3-46C5-9973-12258209C22C-e1605185366303-150x150.jpeg\" class=\"attachment-thumbnail size-thumbnail\" alt=\"\" decoding=\"async\" loading=\"lazy\" srcset=\"https:\/\/felder-transporte.de\/wp-content\/uploads\/2020\/11\/6059B1DC-0CD3-46C5-9973-12258209C22C-e1605185366303-150x150.jpeg 150w, https:\/\/felder-transporte.de\/wp-content\/uploads\/2020\/11\/6059B1DC-0CD3-46C5-9973-12258209C22C-e1605185366303-360x360.jpeg 360w\" sizes=\"(max-width: 150px) 100vw, 150px\" \/><\/a>\n\t\t\t<\/div><\/figure><figure class='gallery-item'>\n\t\t\t<div class='gallery-icon landscape'>\n\t\t\t\t<a data-elementor-open-lightbox=\"yes\" data-elementor-lightbox-slideshow=\"ed0ba6f\" data-elementor-lightbox-title=\"WhatsApp Image 2019-02-18 at 12.50.39(1)\" data-e-action-hash=\"#elementor-action%3Aaction%3Dlightbox%26settings%3DeyJpZCI6NTE3LCJ1cmwiOiJodHRwczpcL1wvZmVsZGVyLXRyYW5zcG9ydGUuZGVcL3dwLWNvbnRlbnRcL3VwbG9hZHNcLzIwMTlcLzAyXC9XaGF0c0FwcC1JbWFnZS0yMDE5LTAyLTE4LWF0LTEyLjUwLjM5MS5qcGVnIiwic2xpZGVzaG93IjoiZWQwYmE2ZiJ9\" href='https:\/\/felder-transporte.de\/wp-content\/uploads\/2019\/02\/WhatsApp-Image-2019-02-18-at-12.50.391.jpeg'><img width=\"150\" height=\"150\" src=\"https:\/\/felder-transporte.de\/wp-content\/uploads\/2019\/02\/WhatsApp-Image-2019-02-18-at-12.50.391-150x150.jpeg\" class=\"attachment-thumbnail size-thumbnail\" alt=\"\" decoding=\"async\" loading=\"lazy\" srcset=\"https:\/\/felder-transporte.de\/wp-content\/uploads\/2019\/02\/WhatsApp-Image-2019-02-18-at-12.50.391-150x150.jpeg 150w, https:\/\/felder-transporte.de\/wp-content\/uploads\/2019\/02\/WhatsApp-Image-2019-02-18-at-12.50.391-360x360.jpeg 360w\" sizes=\"(max-width: 150px) 100vw, 150px\" \/><\/a>\n\t\t\t<\/div><\/figure><figure class='gallery-item'>\n\t\t\t<div class='gallery-icon landscape'>\n\t\t\t\t<a data-elementor-open-lightbox=\"yes\" data-elementor-lightbox-slideshow=\"ed0ba6f\" data-elementor-lightbox-title=\"IMG_2395\" data-e-action-hash=\"#elementor-action%3Aaction%3Dlightbox%26settings%3DeyJpZCI6NTIzLCJ1cmwiOiJodHRwczpcL1wvZmVsZGVyLXRyYW5zcG9ydGUuZGVcL3dwLWNvbnRlbnRcL3VwbG9hZHNcLzIwMTlcLzAyXC9JTUdfMjM5NS5qcGciLCJzbGlkZXNob3ciOiJlZDBiYTZmIn0%3D\" href='https:\/\/felder-transporte.de\/wp-content\/uploads\/2019\/02\/IMG_2395.jpg'><img width=\"150\" height=\"150\" src=\"https:\/\/felder-transporte.de\/wp-content\/uploads\/2019\/02\/IMG_2395-150x150.jpg\" class=\"attachment-thumbnail size-thumbnail\" alt=\"\" decoding=\"async\" loading=\"lazy\" srcset=\"https:\/\/felder-transporte.de\/wp-content\/uploads\/2019\/02\/IMG_2395-150x150.jpg 150w, https:\/\/felder-transporte.de\/wp-content\/uploads\/2019\/02\/IMG_2395-360x360.jpg 360w\" sizes=\"(max-width: 150px) 100vw, 150px\" \/><\/a>\n\t\t\t<\/div><\/figure><figure class='gallery-item'>\n\t\t\t<div class='gallery-icon landscape'>\n\t\t\t\t<a data-elementor-open-lightbox=\"yes\" data-elementor-lightbox-slideshow=\"ed0ba6f\" data-elementor-lightbox-title=\"IMG_2440\" data-e-action-hash=\"#elementor-action%3Aaction%3Dlightbox%26settings%3DeyJpZCI6NTMwLCJ1cmwiOiJodHRwczpcL1wvZmVsZGVyLXRyYW5zcG9ydGUuZGVcL3dwLWNvbnRlbnRcL3VwbG9hZHNcLzIwMTlcLzAyXC9JTUdfMjQ0MC1lMTYwNTE4NzI0MzQxNy5qcGciLCJzbGlkZXNob3ciOiJlZDBiYTZmIn0%3D\" href='https:\/\/felder-transporte.de\/wp-content\/uploads\/2019\/02\/IMG_2440-e1605187243417.jpg'><img width=\"150\" height=\"150\" src=\"https:\/\/felder-transporte.de\/wp-content\/uploads\/2019\/02\/IMG_2440-e1605187243417-150x150.jpg\" class=\"attachment-thumbnail size-thumbnail\" alt=\"\" decoding=\"async\" loading=\"lazy\" srcset=\"https:\/\/felder-transporte.de\/wp-content\/uploads\/2019\/02\/IMG_2440-e1605187243417-150x150.jpg 150w, https:\/\/felder-transporte.de\/wp-content\/uploads\/2019\/02\/IMG_2440-e1605187243417-360x360.jpg 360w\" sizes=\"(max-width: 150px) 100vw, 150px\" \/><\/a>\n\t\t\t<\/div><\/figure>\n\t\t<\/div>\n\t\t<\/div>\n\t\t\t\t<\/div>\n\t\t\t\t<\/div>\n\t\t\t\t\t\t<\/div>\n\t\t\t\t\t<\/div>\n\t\t<\/div>\n\t\t\t\t\t\t\t\t<\/div>\n\t\t\t\t\t<\/div>\n\t\t<\/section>\n\t\t\t\t\t\t\t\t\t<\/div>\n\t\t\t<\/div>\n\t\t\t\t\t<\/div>\n\t\t","protected":false},"excerpt":{"rendered":"<p>Wir sind ein seit 1995 auf dem Markt bestehendes mittelst\u00e4ndisches Transportunternehmen Qualit\u00e4t und Zuverl\u00e4ssigkeit stehen bei uns im Mittelpunkt. Wir [&hellip;]<\/p>\n","protected":false},"author":1,"featured_media":0,"parent":0,"menu_order":0,"comment_status":"closed","ping_status":"closed","template":"page-templates\/template_page-builder.php","meta":[],"_links":{"self":[{"href":"https:\/\/felder-transporte.de\/index.php?rest_route=\/wp\/v2\/pages\/455"}],"collection":[{"href":"https:\/\/felder-transporte.de\/index.php?rest_route=\/wp\/v2\/pages"}],"about":[{"href":"https:\/\/felder-transporte.de\/index.php?rest_route=\/wp\/v2\/types\/page"}],"author":[{"embeddable":true,"href":"https:\/\/felder-transporte.de\/index.php?rest_route=\/wp\/v2\/users\/1"}],"replies":[{"embeddable":true,"href":"https:\/\/felder-transporte.de\/index.php?rest_route=%2Fwp%2Fv2%2Fcomments&post=455"}],"version-history":[{"count":15,"href":"https:\/\/felder-transporte.de\/index.php?rest_route=\/wp\/v2\/pages\/455\/revisions"}],"predecessor-version":[{"id":570,"href":"https:\/\/felder-transporte.de\/index.php?rest_route=\/wp\/v2\/pages\/455\/revisions\/570"}],"wp:attachment":[{"href":"https:\/\/felder-transporte.de\/index.php?rest_route=%2Fwp%2Fv2%2Fmedia&parent=455"}],"curies":[{"name":"wp","href":"https:\/\/api.w.org\/{rel}","templated":true}]}}