{"id":469,"date":"2019-02-14T20:51:48","date_gmt":"2019-02-14T20:51:48","guid":{"rendered":"http:\/\/felder-transporte.de\/?page_id=469"},"modified":"2019-02-15T09:46:48","modified_gmt":"2019-02-15T08:46:48","slug":"datenschutzerklaerung","status":"publish","type":"page","link":"https:\/\/felder-transporte.de\/?page_id=469","title":{"rendered":"Datenschutzerkl\u00e4rung"},"content":{"rendered":"\t\t<div data-elementor-type=\"wp-post\" data-elementor-id=\"469\" class=\"elementor elementor-469 elementor-bc-flex-widget\">\n\t\t\t\t\t\t<div class=\"elementor-inner\">\n\t\t\t\t<div class=\"elementor-section-wrap\">\n\t\t\t\t\t\t\t\t\t<section class=\"elementor-section elementor-top-section elementor-element elementor-element-06e7c23 elementor-section-boxed elementor-section-height-default elementor-section-height-default\" data-id=\"06e7c23\" data-element_type=\"section\">\n\t\t\t\t\t\t<div class=\"elementor-container elementor-column-gap-default\">\n\t\t\t\t\t\t\t<div class=\"elementor-row\">\n\t\t\t\t\t<div class=\"elementor-column elementor-col-100 elementor-top-column elementor-element elementor-element-f49122d\" data-id=\"f49122d\" data-element_type=\"column\">\n\t\t\t<div class=\"elementor-column-wrap elementor-element-populated\">\n\t\t\t\t\t\t\t<div class=\"elementor-widget-wrap\">\n\t\t\t\t\t\t<div class=\"elementor-element elementor-element-f7d56a0 elementor-widget elementor-widget-text-editor\" data-id=\"f7d56a0\" data-element_type=\"widget\" data-widget_type=\"text-editor.default\">\n\t\t\t\t<div class=\"elementor-widget-container\">\n\t\t\t\t\t\t\t\t<div class=\"elementor-text-editor elementor-clearfix\">\n\t\t\t\t<p>Allgemein<br \/>Wir freuen uns \u00fcber Ihren Besuch sowie \u00fcber Ihr Interesse an unseren Dienstleistungen. Wir nehmen den Schutz Ihrer personenbezogenen Daten sehr ernst und wir m\u00f6chten, dass Sie sich beim Besuch unseres Angebots wohl f\u00fchlen. Der Schutz Ihrer Privatsph\u00e4re bei der Verarbeitung personenbezogener Daten ist f\u00fcr uns ein wichtiges Anliegen, das wir bei s\u00e4mtlichen Gesch\u00e4ftsprozessen ber\u00fccksichtigen. Unsere Webseite kann Links zu Webseiten anderer Anbieter enthalten, auf die sich diese Datenschutzerkl\u00e4rung nicht erstreckt. Wir haben keinen Einfluss auf die Einhaltung datenschutzrechtlicher Bestimmungen durch dritte Anbieter. Sie sollten daher, falls Sie einen Link nutzen und auf eine andere Web-Seite gelangen, die dort hinterlegte Datenschutzbestimmung zur Kenntnis nehmen. Wir pr\u00fcfen verlinkte Seiten in unregelm\u00e4\u00dfigen Abst\u00e4nden. Sollten diese Seiten unzul\u00e4ssige Inhalte aufweisen, so distanzieren wir uns bereits jetzt schon davon und \u00fcbernehmen keinerlei Haftung.<\/p><p>Wir verarbeiten Ihre Daten nur, sofern Sie uns hierzu ihre ausdr\u00fcckliche Einwilligung nach Art. 6 Abs. 1 lit. a DSGVO erteilt haben oder die einschl\u00e4gigen Gesetze eine Datenverarbeitung gestatten bzw. wir hierzu gesetzlich verpflichtet sind. Die nachfolgenden Datenschutzhinweise erfassen den aktuell geltenden Rechtsrahmen nach dem Bundesdatenschutzgesetz (BDSG) als auch die europaweit g\u00fcltigen Vorgaben der EU Datenschutz-Grundverordnung (DSGVO). An dieser Stelle m\u00f6chte wir Sie dar\u00fcber informieren, welche Daten von uns erfasst werden, zu welchen Zwecken wir die Daten erfassen und was wir mit den erfassten Daten umgehen. Da dies wichtig ist, sollten Sie sich die Zeit nehmen, die Datenschutzerkl\u00e4rung sorgf\u00e4ltig zu lesen. Unter keinen Umst\u00e4nden werden wir Ihre Daten an Dritte au\u00dferhalb der Unternehmensgruppe weitergeben, es sei denn Sie haben uns Ihre ausdr\u00fcckliche Einwilligung nach Art. 6 Abs. 1 lit. a DSGVO erteilt oder die einschl\u00e4gigen Gesetze u.a. zur Erf\u00fcllung eines Vertrages nach Art. 6 Abs. 1 lit. b DSGVO eine Datenweitergabe gestatten bzw. hierzu verpflichten.<\/p><p>Nutzung unserer Webseite<br \/>Wenn Sie unsere Webseiten besuchen, speichern unsere Webserver standardm\u00e4\u00dfig die ersten 2 Byte Ihrer IP-Adresse, welche Ihnen im Vorfeld von Ihrem Internetanbieter automatisch zugewiesen wurde. Im weiteren Verlauf werden die Webseite, von der aus Sie uns besucht haben und die Seiten, die Sie auf unserer Webseite besuchen, sowie das Datum und die Dauer des Besuches gespeichert. Aus Gr\u00fcnden der technischen Sicherheit, insbesondere zur Abwehr von Angriffsversuchen auf unseren Webserver, werden diese Daten von uns kurzzeitig gespeichert. Ein R\u00fcckschluss auf einzelne Personen ist uns anhand dieser Daten nicht m\u00f6glich. Nach sp\u00e4testens sieben Tagen werden die Daten durch Verk\u00fcrzung der IP-Adresse auf Domain-Ebene anonymisiert, so dass es nicht mehr m\u00f6glich ist, einen Bezug zum einzelnen Nutzer herzustellen. Diese Verarbeitung erfolgt aufgrund eines berechtigten Interesses gem. Art. 6 I lit.f DS-GVO.<\/p><p>Kontaktaufnahme<br \/>Wenn Sie mit uns \u00fcber E-Mail in Kontakt treten werden ebenfalls personenbezogene Daten verarbeitet und gespeichert. Durch Zusendung der E-Mail zur Kontaktaufnahme, willigen Sie in die Verarbeitung Ihrer \u00fcbermittelten Daten (u.a. E-Mail-Adresse und Name) zum Zwecke der Beantwortung Ihrer Anfrage und zur Kontaktaufnahme durch die Felder Transporte gem. Art. 6 I lit. b DS-GVO ein. Diese Daten werden nicht an Dritte weitergegeben und unverz\u00fcglich nach der Kontaktaufnahme, sofern sich hieraus nicht weitere Nutzungszwecke ergeben, gel\u00f6scht. Wir weisen darauf hin, dass die Daten\u00fcbertragung im Internet (z.B. bei der Kommunikation per E-Mail) Sicherheitsl\u00fccken aufweisen kann. Ein l\u00fcckenloser Schutz der Daten vor dem Zugriff durch Dritte ist nicht m\u00f6glich.<br \/>Wenn Sie mit uns \u00fcber das Kontaktformular Kontakt aufnehmen, werden ebenfalls personenbezogene Daten verarbeitet und gespeichert. Durch Absenden Ihrer Anfrage zur Kontaktaufnahme, willigen Sie in die Verarbeitung Ihrer \u00fcbermittelten Daten (u.a. E-Mail-Adresse und Name) zum Zwecke der Beantwortung Ihrer Anfrage und zur Kontaktaufnahme durch Felder Transporte gem. Art. 6 I lit. b DS-GVO ein. Diese Daten werden nicht an Dritte weitergegeben und unverz\u00fcglich nach der Kontaktaufnahme, sofern sich hieraus nicht weitere Nutzungszwecke ergeben, gel\u00f6scht.<\/p><p>Sichere Daten\u00fcbertragung<br \/>Ihre pers\u00f6nlichen Daten werden bei uns sicher durch Verschl\u00fcsselung \u00fcbertragen. Dies gilt f\u00fcr das Kontaktformular. Wir bedienen uns dabei des Codierungssystems SSL (Secure Socket Layer).<\/p><p>Rechte des Betroffenen: Auskunft, Berichtigung, L\u00f6schung und Sperrung, Widerspruchsrecht<br \/>Im Falle eines Widerrufs bleibt die Rechtm\u00e4\u00dfigkeit der Datenverarbeitung aufgrund Ihrer Einwilligung bis zu Ihrem Widerruf unber\u00fchrt. Die Daten werden solange gespeichert, bis Sie Ihre Einwilligung widerrufen. Neben dem Recht auf Widerruf stehen Ihnen bei Vorliegen der jeweiligen gesetzlichen Voraussetzungen die folgenden weiteren Rechte zu:<\/p><p>Ihnen steht nach Art. 15 DS-GVO das Recht zu, Auskunft der bei uns gespeicherten personenbezogenen Daten zu erhalten. Sie haben ein Recht gem. Art. 16 DS-GVO auf Berichtigung unrichtiger oder Vervollst\u00e4ndigung Ihrer bei uns bereits hinterlegten Daten. Sie haben ein Recht auf L\u00f6schung nach Art. 17 DS-GVO Ihrer bei uns gespeicherten Daten bzw. soweit keine gesetzlichen Aufbewahrungspflichten bestehen, ein Recht auf Einschr\u00e4nkung der Verarbeitung Ihrer Daten gem. Art. 18 DS-GVO. Ebenfalls steht Ihnen ein Recht auf Daten\u00fcbertragbarkeit nach Art. 20 DS-GVO, d.h. zur Herausgabe der \u00fcber Sie gespeicherten Daten in einem strukturierten Format zu sowie ein Recht auf Beschwerde bei einer Aufsichtsbeh\u00f6rde. Sie k\u00f6nnen dar\u00fcber hinaus unter den Voraussetzungen des Art. 21 Abs. 1 DS-GVO jederzeit, ohne Angabe von Gr\u00fcnden, von Ihrem Widerspruchsrecht Gebrauch machen und die erteilte Einwilligungserkl\u00e4rung schriftlich mit Wirkung f\u00fcr die Zukunft ab\u00e4ndern oder g\u00e4nzlich widerrufen.<\/p>\t\t\t\t\t<\/div>\n\t\t\t\t\t\t<\/div>\n\t\t\t\t<\/div>\n\t\t\t\t\t\t<\/div>\n\t\t\t\t\t<\/div>\n\t\t<\/div>\n\t\t\t\t\t\t\t\t<\/div>\n\t\t\t\t\t<\/div>\n\t\t<\/section>\n\t\t\t\t\t\t\t\t\t<\/div>\n\t\t\t<\/div>\n\t\t\t\t\t<\/div>\n\t\t","protected":false},"excerpt":{"rendered":"<p>AllgemeinWir freuen uns \u00fcber Ihren Besuch sowie \u00fcber Ihr Interesse an unseren Dienstleistungen. Wir nehmen den Schutz Ihrer personenbezogenen Daten [&hellip;]<\/p>\n","protected":false},"author":1,"featured_media":0,"parent":0,"menu_order":0,"comment_status":"closed","ping_status":"closed","template":"page-templates\/template_page-builder.php","meta":[],"_links":{"self":[{"href":"https:\/\/felder-transporte.de\/index.php?rest_route=\/wp\/v2\/pages\/469"}],"collection":[{"href":"https:\/\/felder-transporte.de\/index.php?rest_route=\/wp\/v2\/pages"}],"about":[{"href":"https:\/\/felder-transporte.de\/index.php?rest_route=\/wp\/v2\/types\/page"}],"author":[{"embeddable":true,"href":"https:\/\/felder-transporte.de\/index.php?rest_route=\/wp\/v2\/users\/1"}],"replies":[{"embeddable":true,"href":"https:\/\/felder-transporte.de\/index.php?rest_route=%2Fwp%2Fv2%2Fcomments&post=469"}],"version-history":[{"count":3,"href":"https:\/\/felder-transporte.de\/index.php?rest_route=\/wp\/v2\/pages\/469\/revisions"}],"predecessor-version":[{"id":516,"href":"https:\/\/felder-transporte.de\/index.php?rest_route=\/wp\/v2\/pages\/469\/revisions\/516"}],"wp:attachment":[{"href":"https:\/\/felder-transporte.de\/index.php?rest_route=%2Fwp%2Fv2%2Fmedia&parent=469"}],"curies":[{"name":"wp","href":"https:\/\/api.w.org\/{rel}","templated":true}]}}