{"id":472,"date":"2019-02-14T20:52:42","date_gmt":"2019-02-14T20:52:42","guid":{"rendered":"http:\/\/felder-transporte.de\/?page_id=472"},"modified":"2021-08-27T15:41:08","modified_gmt":"2021-08-27T14:41:08","slug":"impressum","status":"publish","type":"page","link":"https:\/\/felder-transporte.de\/?page_id=472","title":{"rendered":"Impressum"},"content":{"rendered":"\t\t<div data-elementor-type=\"wp-post\" data-elementor-id=\"472\" class=\"elementor elementor-472\">\n\t\t\t\t\t\t<div class=\"elementor-inner\">\n\t\t\t\t<div class=\"elementor-section-wrap\">\n\t\t\t\t\t\t\t\t\t<section class=\"elementor-section elementor-top-section elementor-element elementor-element-df9bf25 elementor-section-boxed elementor-section-height-default elementor-section-height-default\" data-id=\"df9bf25\" data-element_type=\"section\">\n\t\t\t\t\t\t<div class=\"elementor-container elementor-column-gap-default\">\n\t\t\t\t\t\t\t<div class=\"elementor-row\">\n\t\t\t\t\t<div class=\"elementor-column elementor-col-100 elementor-top-column elementor-element elementor-element-f58a76e\" data-id=\"f58a76e\" data-element_type=\"column\">\n\t\t\t<div class=\"elementor-column-wrap elementor-element-populated\">\n\t\t\t\t\t\t\t<div class=\"elementor-widget-wrap\">\n\t\t\t\t\t\t<div class=\"elementor-element elementor-element-f3bbe1b elementor-widget elementor-widget-text-editor\" data-id=\"f3bbe1b\" data-element_type=\"widget\" data-widget_type=\"text-editor.default\">\n\t\t\t\t<div class=\"elementor-widget-container\">\n\t\t\t\t\t\t\t\t<div class=\"elementor-text-editor elementor-clearfix\">\n\t\t\t\t<p>Felder Transporte<br \/>Nickelstra\u00dfe 47<br \/>52249 Eschweiler<br \/>Tel.: 02403 \/ 507140<br \/>Fax: 02403 \/ 9787799<\/p><p>e-mail: info@felder-transporte.de<br \/>Homepage www.felder-transporte.de<\/p><p>Gesch\u00e4ftsf\u00fchrerin: Kerstin Felder<br \/>USt-IdNr.: DE 216 729 740<\/p><p>Inhaltlich Verantwortlicher gem\u00e4\u00df \u00a7 10 Absatz 3 MDStV:<br \/>Frau Kerstin Felder (Anschrift wie oben)<\/p><p>Haftungshinweis<br \/>Felder Transporte \u00fcbernimmt keinerlei Gew\u00e4hr und Haftung f\u00fcr die Aktualit\u00e4t, Richtigkeit und Vollst\u00e4ndigkeit der bereitgestellten Informationen. Alle Informationen sind unverbindlich und k\u00f6nnen ohne Ank\u00fcndigung aktualisiert oder ver\u00e4ndert werden. Haftungsanspr\u00fcche gegen Felder Transporte, welche sich auf Sch\u00e4den, die durch die Nutzung oder Nichtnutzung der hier ver\u00f6ffentlichten Informationen bzw. durch die Nutzung fehlerhafter oder unvollst\u00e4ndiger Informationen verursacht wurden, sind ausgeschlossen.<\/p><p>Urheberrecht<br \/>Die Inhalte dieser Website sind urheberrechtlich gesch\u00fctzt. Sie d\u00fcrfen nur zum Zwecke der Information genutzt werden. Jede sonstige Verwendung der Inhalte ist rechtswidrig und strafbar. Es ist nicht gestattet, Inhalte zu ver\u00e4ndern, zu bearbeiten, zu vervielf\u00e4ltigen, zu verbreiten oder \u00f6ffentlich wiederzugeben. Dies gilt auch f\u00fcr alle hier verwendeten Grafiken, Fotos und Texte. Eine Nutzung einzelner Elemente dieser Site bedarf stets der Genehmigung durch den Rechteinhaber.<\/p><p>Links und Verweise<br \/>Felder Transporte erkl\u00e4rt hiermit, dass zum Zeitpunkt der Linksetzung keine illegalen Inhalte auf den Seiten zu erkennen waren. Auf die Inhalte, die Gestaltung oder die Urheberschaft der verlinkten Seiten hat Felder Transporte keinerlei Einfluss. Felder Transporte distanziert sich von allen Inhalten der verlinkten Seiten, die nach der Linksetzung ver\u00e4ndert wurden. F\u00fcr unvollst\u00e4ndige, illegale oder fehlerhafte Inhalte und insbesondere f\u00fcr Sch\u00e4den, die aus der Nutzung oder Nichtnutzung derartiger Informationen entstehen, haftet allein der Anbieter der entsprechenden Seite, auf die verwiesen wurde.<\/p>\t\t\t\t\t<\/div>\n\t\t\t\t\t\t<\/div>\n\t\t\t\t<\/div>\n\t\t\t\t\t\t<\/div>\n\t\t\t\t\t<\/div>\n\t\t<\/div>\n\t\t\t\t\t\t\t\t<\/div>\n\t\t\t\t\t<\/div>\n\t\t<\/section>\n\t\t\t\t\t\t\t\t\t<\/div>\n\t\t\t<\/div>\n\t\t\t\t\t<\/div>\n\t\t","protected":false},"excerpt":{"rendered":"<p>Felder TransporteNickelstra\u00dfe 4752249 EschweilerTel.: 02403 \/ 507140Fax: 02403 \/ 9787799 e-mail: info@felder-transporte.deHomepage www.felder-transporte.de Gesch\u00e4ftsf\u00fchrerin: Kerstin FelderUSt-IdNr.: DE 216 729 740 [&hellip;]<\/p>\n","protected":false},"author":1,"featured_media":0,"parent":0,"menu_order":0,"comment_status":"closed","ping_status":"closed","template":"page-templates\/template_page-builder.php","meta":[],"_links":{"self":[{"href":"https:\/\/felder-transporte.de\/index.php?rest_route=\/wp\/v2\/pages\/472"}],"collection":[{"href":"https:\/\/felder-transporte.de\/index.php?rest_route=\/wp\/v2\/pages"}],"about":[{"href":"https:\/\/felder-transporte.de\/index.php?rest_route=\/wp\/v2\/types\/page"}],"author":[{"embeddable":true,"href":"https:\/\/felder-transporte.de\/index.php?rest_route=\/wp\/v2\/users\/1"}],"replies":[{"embeddable":true,"href":"https:\/\/felder-transporte.de\/index.php?rest_route=%2Fwp%2Fv2%2Fcomments&post=472"}],"version-history":[{"count":5,"href":"https:\/\/felder-transporte.de\/index.php?rest_route=\/wp\/v2\/pages\/472\/revisions"}],"predecessor-version":[{"id":573,"href":"https:\/\/felder-transporte.de\/index.php?rest_route=\/wp\/v2\/pages\/472\/revisions\/573"}],"wp:attachment":[{"href":"https:\/\/felder-transporte.de\/index.php?rest_route=%2Fwp%2Fv2%2Fmedia&parent=472"}],"curies":[{"name":"wp","href":"https:\/\/api.w.org\/{rel}","templated":true}]}}